{"id":80,"date":"2020-06-09T15:52:48","date_gmt":"2020-06-09T15:52:48","guid":{"rendered":"http:\/\/tudasteszt.nye.hu\/?page_id=80"},"modified":"2020-08-31T11:23:36","modified_gmt":"2020-08-31T09:23:36","slug":"fizika","status":"publish","type":"page","link":"http:\/\/tudasteszt.nye.hu\/?page_id=80","title":{"rendered":"Fizika"},"content":{"rendered":"<section class=\"kc-elm kc-css-368478 kc_row\"><div class=\"kc-row-container  kc-container\"><div class=\"kc-wrap-columns\"><div class=\"kc-elm kc-css-936208 kc_column kc_col-sm-12\"><div class=\"kc-col-container\"><div class=\"kc-elm kc-css-463034 kc_text_block\">\n            <style>\n\t\t\t.QTLCorrectStyle935\t\t\t{\n\t\t\t\tbackground:left no-repeat url(http:\/\/tudasteszt.nye.hu\/wp-content\/plugins\/nye-tudasteszt\/images\/icons\/correct\/tick1.png) !important;\n\t\t\t}\n\t\t\t.QTLIncorrectStyle935\t\t\t{\t\t\t\t\n\t\t\t\tbackground:left no-repeat url(http:\/\/tudasteszt.nye.hu\/wp-content\/plugins\/nye-tudasteszt\/images\/icons\/incorrect\/cross1.png) !important;\n\t\t\t}\n\t\t\t<\/style>            \n            \n            <\/p>\n<p><span class=\"greyText\"><\/p>\n<div id=\"theExam\">\n<div id=\"questionDiv\">\n<p>Milyen sz\u00ednek vannak a sziv\u00e1rv\u00e1nyban?<\/p>\n<table width=\"90%\">\n<tr>\n<td width=\"8\" valign=\"top\"><input type=\"checkbox\" id=\"option3046\" name=\"question935_option3046\"><\/td>\n<td><label for=\"option3046\"> K\u00e9k<\/label> <span id=\"correctFeedback3046\" class=\"successText\" style=\"display:none\"><\/span> <span id=\"incorrectFeedback3046\" class=\"failText\" style=\"display:none\"><\/span><\/td>\n<\/tr>\n<tr>\n<td width=\"8\" valign=\"top\"><input type=\"checkbox\" id=\"option3047\" name=\"question935_option3047\"><\/td>\n<td><label for=\"option3047\"> Fekete<\/label> <span id=\"correctFeedback3047\" class=\"successText\" style=\"display:none\"><\/span> <span id=\"incorrectFeedback3047\" class=\"failText\" style=\"display:none\"><\/span><\/td>\n<\/tr>\n<tr>\n<td width=\"8\" valign=\"top\"><input type=\"checkbox\" id=\"option3048\" name=\"question935_option3048\"><\/td>\n<td><label for=\"option3048\"> Z\u00f6ld<\/label> <span id=\"correctFeedback3048\" class=\"successText\" style=\"display:none\"><\/span> <span id=\"incorrectFeedback3048\" class=\"failText\" style=\"display:none\"><\/span><\/td>\n<\/tr>\n<tr>\n<td width=\"8\" valign=\"top\"><input type=\"checkbox\" id=\"option3049\" name=\"question935_option3049\"><\/td>\n<td><label for=\"option3049\"> S\u00e1rga<\/label> <span id=\"correctFeedback3049\" class=\"successText\" style=\"display:none\"><\/span> <span id=\"incorrectFeedback3049\" class=\"failText\" style=\"display:none\"><\/span><\/td>\n<\/tr>\n<\/table>\n<p><input type=\"submit\" value=\"V\u00e1lasz ellen\u0151rz\u00e9se\" onclick=\"checkExampleQuestionExampleAnswer(935, 'check', '3046,3048,3049', '3046,3047,3048,3049', '', '' );\"><!--QTLfeedbackStart--><\/p>\n<div id=\"mainFeedbackDiv\">\n<div id=\"exampleQuestionAnswerCorrect935\" class=\"qtl_hidden\"><span class=\"correct QTLCorrectStyle935\">Helyes<\/span><\/div>\n<div id=\"exampleQuestionAnswerInCorrect935\" class=\"qtl_hidden\"><span class=\"incorrect QTLIncorrectStyle935\">Helytelen<\/span><\/div>\n<\/div>\n<p><!--QTLfeedbackEnd--><\/div>\n<\/div>\n<p><\/span><\/p>\n<p>\n<\/div><\/div><\/div><\/div><\/div><\/section>\n","protected":false},"excerpt":{"rendered":"<p> &#8230;<\/p>\n","protected":false},"author":1,"featured_media":0,"parent":0,"menu_order":0,"comment_status":"closed","ping_status":"closed","template":"","meta":[],"_links":{"self":[{"href":"http:\/\/tudasteszt.nye.hu\/index.php?rest_route=\/wp\/v2\/pages\/80"}],"collection":[{"href":"http:\/\/tudasteszt.nye.hu\/index.php?rest_route=\/wp\/v2\/pages"}],"about":[{"href":"http:\/\/tudasteszt.nye.hu\/index.php?rest_route=\/wp\/v2\/types\/page"}],"author":[{"embeddable":true,"href":"http:\/\/tudasteszt.nye.hu\/index.php?rest_route=\/wp\/v2\/users\/1"}],"replies":[{"embeddable":true,"href":"http:\/\/tudasteszt.nye.hu\/index.php?rest_route=%2Fwp%2Fv2%2Fcomments&post=80"}],"version-history":[{"count":15,"href":"http:\/\/tudasteszt.nye.hu\/index.php?rest_route=\/wp\/v2\/pages\/80\/revisions"}],"predecessor-version":[{"id":598,"href":"http:\/\/tudasteszt.nye.hu\/index.php?rest_route=\/wp\/v2\/pages\/80\/revisions\/598"}],"wp:attachment":[{"href":"http:\/\/tudasteszt.nye.hu\/index.php?rest_route=%2Fwp%2Fv2%2Fmedia&parent=80"}],"curies":[{"name":"wp","href":"https:\/\/api.w.org\/{rel}","templated":true}]}}