{"id":43,"date":"2020-06-09T10:28:43","date_gmt":"2020-06-09T10:28:43","guid":{"rendered":"http:\/\/tudasteszt.nye.hu\/?page_id=43"},"modified":"2020-08-31T11:25:45","modified_gmt":"2020-08-31T09:25:45","slug":"kezdolap","status":"publish","type":"page","link":"http:\/\/tudasteszt.nye.hu\/","title":{"rendered":"Tesztek"},"content":{"rendered":"<p><section class=\"kc-elm kc-css-471313 kc_row\"><div class=\"kc-row-container  kc-container\"><div class=\"kc-wrap-columns\"><div class=\"kc-elm kc-css-775072 kc_col-sm-12 kc_column kc_col-sm-12\"><div class=\"kc-col-container\"><div class=\"kc-elm kc-css-2088 kc-raw-code\"><!DOCTYPE html>\r\n<html>\r\n<head>\r\n<meta name=\"viewport\" content=\"width=device-width, initial-scale=1\">\r\n<style>\r\nbody {\r\n  font-family: \"Lato\", sans-serif;\r\n}\r\n\r\n.sidenav {\r\n  height: 100%;\r\n  width: 0;\r\n  position: fixed;\r\n  z-index: 1;\r\n  top: 0;\r\n  left: 0;\r\n  background-color: #215;\r\n  overflow-x: hidden;\r\n  transition: 0.5s;\r\n  padding-top: 60px;\r\n  text-align:center;\r\n}\r\n\r\n.sidenav a {\r\n  padding: 8px 8px 8px 32px;\r\n  text-decoration: none;\r\n  font-size: 25px;\r\n  color: #818181;\r\n  display: block;\r\n  transition: 0.3s;\r\n\r\n}\r\n\r\n.sidenav a:hover{\r\n  color: #f1f1f1;\r\n}\r\n\r\n.sidenav .closebtn {\r\n  position: absolute;\r\n  top: 0;\r\n  right: 25px;\r\n  font-size: 36px;\r\n  margin-left: 50px;\r\n}\r\n\r\n@media screen and (max-height: 450px) {\r\n  .sidenav {padding-top: 15px;}\r\n  .sidenav a {font-size: 18px;}\r\n}\r\n<\/style>\r\n<\/head>\r\n<body>\r\n\r\n<div id=\"mySidenav\" class=\"sidenav\">\r\n  <a href=\"javascript:void(0)\" class=\"closebtn\" onclick=\"closeNav()\">&times;<\/a>\r\n  <a href=\"http:\/\/tudasteszt.nye.hu\/?page_id=68\">Magyar nyelv<\/a>\r\n  <a href=\"#\">Matematika<\/a>\r\n  <a href=\"#\">Fizika<\/a>\r\n  <a href=\"#\">Biol\u00f3gia<\/a>\r\n<\/div>\r\n\r\n<h2>Tud\u00e1steszt<\/h2>\r\n<p>Kattints az al\u00e1bbi men\u00fcre a kiv\u00e1laszt\u00e1shoz!<\/p>\r\n<span style=\"font-size:30px;cursor:pointer\" onclick=\"openNav()\">&#9776; Tesztek<\/span>\r\n\r\n<script>\r\nfunction openNav() {\r\n  document.getElementById(\"mySidenav\").style.width = \"100%\";\r\n}\r\n\r\nfunction closeNav() {\r\n  document.getElementById(\"mySidenav\").style.width = \"0\";\r\n}\r\n<\/script>\r\n   \r\n<\/body>\r\n<\/html> \r\n<\/div><\/div><\/div><\/div><\/div><\/section><section class=\"kc-elm kc-css-471310 kc_row\"><div class=\"kc-row-container  kc-container\"><div class=\"kc-wrap-columns\"><div class=\"kc-elm kc-css-376928 kc_col-sm-6 kc_column kc_col-sm-6\"><div class=\"kc-col-container\"><div class=\"kc-elm kc-css-358222 kc-feature-boxes kc-fb-layout-1\">\n\n\t<div class=\"content-icon\"><i class=\"et-book-open\"><\/i><\/div><div class=\"content-title\">Magyar<\/div><div class=\"content-desc\">Itt nyelvtani, helyes\u00edr\u00e1si teszteket tal\u00e1lsz.<\/div><div class=\"content-button\"><a href=\"http:\/\/tudasteszt.nye.hu\/?cat=5\" target=\"_self\" title=\"Magyar\">Kezdj\u00fck el!<\/a><\/div>\n<\/div>\n<\/div><\/div><div class=\"kc-elm kc-css-320826 kc_col-sm-6 kc_column kc_col-sm-6\"><div class=\"kc-col-container\"><div class=\"kc-elm kc-css-731254 kc-feature-boxes kc-fb-layout-1\">\n\n\t<div class=\"content-icon\"><i class=\"et-hazardous\"><\/i><\/div><div class=\"content-title\">Fizika<\/div><div class=\"content-desc\">Itt fizik\u00e1val kapcsolatos tesztek tal\u00e1lhat\u00f3k.<\/div><div class=\"content-button\"><a href=\"http:\/\/tudasteszt.nye.hu\/?page_id=80\" target=\"_self\" title=\"Fizika\">Kezdj\u00fck el!<\/a><\/div>\n<\/div>\n<\/div><\/div><\/div><\/div><\/section><section class=\"kc-elm kc-css-32265 kc_row\"><div class=\"kc-row-container  kc-container\"><div class=\"kc-wrap-columns\"><div class=\"kc-elm kc-css-619712 kc_col-sm-4 kc_column kc_col-sm-4\"><div class=\"kc-col-container\">\n<div class=\"kc-elm kc-css-87256 kc-flipbox kc-flip-container\" ontouchstart=\"this.classList.toggle('hover');\">\n\t<div class=\"flipper\">\n\t\t<div class=\"front\">\n\t\t\t<div class=\"front-content\">\n\t\t\t\t<h3>Lorem ipsum dolor sit amet<\/h3><p> Lorem ipsum dolor sit amet, consectetur adipiscing elit, sed do eiusmod tempor.<\/p>\t\t\t<\/div>\n\t\t<\/div>\n\t\t<div class=\"back\">\n\t\t\t<div class=\"des\">\n\t\t\t\t<h3>Lorem ipsum dolor sit amet<\/h3><p> Lorem ipsum dolor sit amet, consectetur adipiscing.<\/p>\t\t\t<\/div>\n\t\t<\/div>\n\t<\/div>\n<\/div>\n<\/div><\/div><div class=\"kc-elm kc-css-655049 kc_col-sm-4 kc_column kc_col-sm-4\"><div class=\"kc-col-container\">\n<div class=\"kc-elm kc-css-709295 kc-flipbox kc-flip-container\" ontouchstart=\"this.classList.toggle('hover');\">\n\t<div class=\"flipper\">\n\t\t<div class=\"front\">\n\t\t\t<div class=\"front-content\">\n\t\t\t\t<h3>Lorem ipsum dolor sit amet<\/h3><p> Lorem ipsum dolor sit amet, consectetur adipiscing elit, sed do eiusmod tempor.<\/p>\t\t\t<\/div>\n\t\t<\/div>\n\t\t<div class=\"back\">\n\t\t\t<div class=\"des\">\n\t\t\t\t<h3>Lorem ipsum dolor sit amet<\/h3><p> Lorem ipsum dolor sit amet, consectetur adipiscing.<\/p>\t\t\t<\/div>\n\t\t<\/div>\n\t<\/div>\n<\/div>\n<\/div><\/div><div class=\"kc-elm kc-css-40696 kc_col-sm-4 kc_column kc_col-sm-4\"><div class=\"kc-col-container\">\n<div class=\"kc-elm kc-css-868214 kc-flipbox kc-flip-container\" ontouchstart=\"this.classList.toggle('hover');\">\n\t<div class=\"flipper\">\n\t\t<div class=\"front\">\n\t\t\t<div class=\"front-content\">\n\t\t\t\t<h3>Lorem ipsum dolor sit amet<\/h3><p> Lorem ipsum dolor sit amet, consectetur adipiscing elit, sed do eiusmod tempor.<\/p>\t\t\t<\/div>\n\t\t<\/div>\n\t\t<div class=\"back\">\n\t\t\t<div class=\"des\">\n\t\t\t\t<h3>Lorem ipsum dolor sit amet<\/h3><p> Lorem ipsum dolor sit amet, consectetur adipiscing.<\/p>\t\t\t<\/div>\n\t\t<\/div>\n\t<\/div>\n<\/div>\n<\/div><\/div><\/div><\/div><\/section><\/p>\n","protected":false},"excerpt":{"rendered":"<p>@media only screen and (min-width: 1000px) and (max-width: 5000px){html body .kc-css-376928{width: 50%;}html body .kc-css-320826{width: 50%;}} <\/p>\n<div class=\"kc-row-container kc-container\">\n<div class=\"kc-wrap-columns\">\n<div class=\"kc-elm kc-css-376928 kc_col-sm-6 kc_column kc_col-sm-6\">\n<div class=\"kc-col-container\">\n<div class=\"kc-elm ... \n\n","protected":false},"author":1,"featured_media":0,"parent":0,"menu_order":0,"comment_status":"closed","ping_status":"closed","template":"","meta":[],"_links":{"self":[{"href":"http:\/\/tudasteszt.nye.hu\/index.php?rest_route=\/wp\/v2\/pages\/43"}],"collection":[{"href":"http:\/\/tudasteszt.nye.hu\/index.php?rest_route=\/wp\/v2\/pages"}],"about":[{"href":"http:\/\/tudasteszt.nye.hu\/index.php?rest_route=\/wp\/v2\/types\/page"}],"author":[{"embeddable":true,"href":"http:\/\/tudasteszt.nye.hu\/index.php?rest_route=\/wp\/v2\/users\/1"}],"replies":[{"embeddable":true,"href":"http:\/\/tudasteszt.nye.hu\/index.php?rest_route=%2Fwp%2Fv2%2Fcomments&post=43"}],"version-history":[{"count":19,"href":"http:\/\/tudasteszt.nye.hu\/index.php?rest_route=\/wp\/v2\/pages\/43\/revisions"}],"predecessor-version":[{"id":96,"href":"http:\/\/tudasteszt.nye.hu\/index.php?rest_route=\/wp\/v2\/pages\/43\/revisions\/96"}],"wp:attachment":[{"href":"http:\/\/tudasteszt.nye.hu\/index.php?rest_route=%2Fwp%2Fv2%2Fmedia&parent=43"}],"curies":[{"name":"wp","href":"https:\/\/api.w.org\/{rel}","templated":true}]}}